{"id":51,"date":"2024-04-03T21:28:48","date_gmt":"2024-04-04T00:28:48","guid":{"rendered":"http:\/\/dev.fnde.gov.br\/wordpress\/?page_id=51"},"modified":"2024-09-24T00:01:26","modified_gmt":"2024-09-24T03:01:26","slug":"ficha-de-inscricao","status":"publish","type":"page","link":"https:\/\/www.fnde.gov.br\/premiocae\/ficha-de-inscricao\/","title":{"rendered":"Ficha de Inscri\u00e7\u00e3o"},"content":{"rendered":"\t\t<div data-elementor-type=\"wp-page\" data-elementor-id=\"51\" class=\"elementor elementor-51\">\n\t\t\t\t<div class=\"elementor-element elementor-element-06bae05 e-con-full e-flex e-con e-parent\" data-id=\"06bae05\" data-element_type=\"container\" data-core-v316-plus=\"true\">\n\t\t<div class=\"elementor-element elementor-element-202f4f8 e-con-full e-flex e-con e-child\" data-id=\"202f4f8\" data-element_type=\"container\">\n\t\t\t\t<div class=\"elementor-element elementor-element-28d1d59 elementor-widget elementor-widget-alert\" data-id=\"28d1d59\" data-element_type=\"widget\" data-widget_type=\"alert.default\">\n\t\t\t\t<div class=\"elementor-widget-container\">\n\t\t\t<style>\/*! elementor - v3.20.0 - 26-03-2024 *\/\n.elementor-alert{padding:15px;border-left:5px solid transparent;position:relative;text-align:left}.elementor-alert .elementor-alert-title{display:block;font-weight:700}.elementor-alert .elementor-alert-description{font-size:13px}.elementor-alert button.elementor-alert-dismiss{position:absolute;right:var(--dismiss-icon-horizontal-position,10px);top:var(--dismiss-icon-vertical-position,10px);padding:3px;font-size:var(--dismiss-icon-size,20px);line-height:1;background:transparent;color:var(--dismiss-icon-normal-color,inherit);border:none;cursor:pointer;transition-duration:var(--dismiss-icon-hover-transition-duration,.3s)}.elementor-alert button.elementor-alert-dismiss:hover{color:var(--dismiss-icon-hover-color,inherit)}.elementor-alert button.elementor-alert-dismiss svg{width:var(--dismiss-icon-size,20px);height:var(--dismiss-icon-size,20px);fill:var(--dismiss-icon-normal-color,currentColor);transition-duration:var(--dismiss-icon-hover-transition-duration,.3s)}.elementor-alert button.elementor-alert-dismiss svg:hover{fill:var(--dismiss-icon-hover-color,currentColor)}.elementor-alert.elementor-alert-info{color:#31708f;background-color:#d9edf7;border-color:#bcdff1}.elementor-alert.elementor-alert-success{color:#3c763d;background-color:#dff0d8;border-color:#cae6be}.elementor-alert.elementor-alert-warning{color:#8a6d3b;background-color:#fcf8e3;border-color:#f9f0c3}.elementor-alert.elementor-alert-danger{color:#a94442;background-color:#f2dede;border-color:#e8c4c4}@media (max-width:767px){.elementor-alert{padding:10px}.elementor-alert button.elementor-alert-dismiss{right:7px;top:7px}}<\/style>\t\t<div class=\"elementor-alert elementor-alert-warning\" role=\"alert\">\n\t\t\t<span class=\"elementor-alert-title\">Inscri\u00e7\u00f5es encerradas<\/span>\n\t\t\t\t\t\t\t<span class=\"elementor-alert-description\">O prazo para se inscrever acabou.<\/span>\n\t\t\t\t\t\t\t\t\t\t<button type=\"button\" class=\"elementor-alert-dismiss\">\n\t\t\t\t\t\t\t\t\t\t\t<span aria-hidden=\"true\">&times;<\/span>\n\t\t\t\t\t\t\t\t\t\t<span class=\"elementor-screen-only\">Dismiss this alert.<\/span>\n\t\t\t\t<\/button>\n\t\t\t\t\t<\/div>\n\t\t\t\t<\/div>\n\t\t\t\t<\/div>\n\t\t\t\t<\/div>\n\t\t<div class=\"elementor-element elementor-element-c87499d e-con-full e-flex e-con e-child\" data-id=\"c87499d\" data-element_type=\"container\">\n\t\t\t\t<div class=\"elementor-element elementor-element-2bfd8fc elementor-widget elementor-widget-heading\" data-id=\"2bfd8fc\" data-element_type=\"widget\" data-widget_type=\"heading.default\">\n\t\t\t\t<div class=\"elementor-widget-container\">\n\t\t\t<style>\/*! elementor - v3.20.0 - 26-03-2024 *\/\n.elementor-heading-title{padding:0;margin:0;line-height:1}.elementor-widget-heading .elementor-heading-title[class*=elementor-size-]>a{color:inherit;font-size:inherit;line-height:inherit}.elementor-widget-heading .elementor-heading-title.elementor-size-small{font-size:15px}.elementor-widget-heading .elementor-heading-title.elementor-size-medium{font-size:19px}.elementor-widget-heading .elementor-heading-title.elementor-size-large{font-size:29px}.elementor-widget-heading .elementor-heading-title.elementor-size-xl{font-size:39px}.elementor-widget-heading .elementor-heading-title.elementor-size-xxl{font-size:59px}<\/style><h2 class=\"elementor-heading-title elementor-size-default\">Informa\u00e7\u00f5es Importantes<\/h2>\t\t<\/div>\n\t\t\t\t<\/div>\n\t\t\t\t<div class=\"elementor-element elementor-element-e739d40 elementor-widget__width-initial elementor-widget elementor-widget-text-editor\" data-id=\"e739d40\" data-element_type=\"widget\" data-widget_type=\"text-editor.default\">\n\t\t\t\t<div class=\"elementor-widget-container\">\n\t\t\t<style>\/*! elementor - v3.20.0 - 26-03-2024 *\/\n.elementor-widget-text-editor.elementor-drop-cap-view-stacked .elementor-drop-cap{background-color:#69727d;color:#fff}.elementor-widget-text-editor.elementor-drop-cap-view-framed .elementor-drop-cap{color:#69727d;border:3px solid;background-color:transparent}.elementor-widget-text-editor:not(.elementor-drop-cap-view-default) .elementor-drop-cap{margin-top:8px}.elementor-widget-text-editor:not(.elementor-drop-cap-view-default) .elementor-drop-cap-letter{width:1em;height:1em}.elementor-widget-text-editor .elementor-drop-cap{float:left;text-align:center;line-height:1;font-size:50px}.elementor-widget-text-editor .elementor-drop-cap-letter{display:inline-block}<\/style>\t\t\t\t<ul>\n \t<li>Preencher todos os campos da ficha de inscri\u00e7\u00e3o.<\/li>\n \t<li>Anexar o Relato de Experi\u00eancia assinado e digitalizado (escrita livre em at\u00e9 2 p\u00e1ginas e formato PDF).<\/li>\n \t<li>Anexar o Termo de Aprova\u00e7\u00e3o do Relato de Experi\u00eancia preenchido, assinado e digitalizado (formato PDF).<\/li>\n<\/ul>\t\t\t\t\t\t<\/div>\n\t\t\t\t<\/div>\n\t\t\t\t<\/div>\n\t\t\t\t<\/div>\n\t\t\t\t<\/div>\n\t\t","protected":false},"excerpt":{"rendered":"<p>Inscri\u00e7\u00f5es encerradas O prazo para se inscrever acabou. &times; Dismiss this alert. Informa\u00e7\u00f5es Importantes Preencher todos os campos da ficha de inscri\u00e7\u00e3o. Anexar o Relato de Experi\u00eancia assinado e digitalizado (escrita livre em at\u00e9 2 p\u00e1ginas e formato PDF). Anexar o Termo de Aprova\u00e7\u00e3o do Relato de Experi\u00eancia preenchido, assinado e digitalizado (formato PDF).<\/p>\n","protected":false},"author":1,"featured_media":0,"parent":0,"menu_order":0,"comment_status":"closed","ping_status":"closed","template":"","meta":{"footnotes":""},"_links":{"self":[{"href":"https:\/\/www.fnde.gov.br\/premiocae\/wp-json\/wp\/v2\/pages\/51"}],"collection":[{"href":"https:\/\/www.fnde.gov.br\/premiocae\/wp-json\/wp\/v2\/pages"}],"about":[{"href":"https:\/\/www.fnde.gov.br\/premiocae\/wp-json\/wp\/v2\/types\/page"}],"author":[{"embeddable":true,"href":"https:\/\/www.fnde.gov.br\/premiocae\/wp-json\/wp\/v2\/users\/1"}],"replies":[{"embeddable":true,"href":"https:\/\/www.fnde.gov.br\/premiocae\/wp-json\/wp\/v2\/comments?post=51"}],"version-history":[{"count":18,"href":"https:\/\/www.fnde.gov.br\/premiocae\/wp-json\/wp\/v2\/pages\/51\/revisions"}],"predecessor-version":[{"id":234,"href":"https:\/\/www.fnde.gov.br\/premiocae\/wp-json\/wp\/v2\/pages\/51\/revisions\/234"}],"wp:attachment":[{"href":"https:\/\/www.fnde.gov.br\/premiocae\/wp-json\/wp\/v2\/media?parent=51"}],"curies":[{"name":"wp","href":"https:\/\/api.w.org\/{rel}","templated":true}]}}