{"id":66,"date":"2024-04-03T21:31:21","date_gmt":"2024-04-04T00:31:21","guid":{"rendered":"http:\/\/dev.fnde.gov.br\/wordpress\/?page_id=66"},"modified":"2024-11-27T11:34:57","modified_gmt":"2024-11-27T14:34:57","slug":"institucional","status":"publish","type":"page","link":"https:\/\/www.fnde.gov.br\/premiocae\/institucional\/","title":{"rendered":"Institucional"},"content":{"rendered":"\t\t<div data-elementor-type=\"wp-page\" data-elementor-id=\"66\" class=\"elementor elementor-66\">\n\t\t\t\t<div class=\"elementor-element elementor-element-c67eec6 e-con-full e-flex e-con e-parent\" data-id=\"c67eec6\" data-element_type=\"container\" data-core-v316-plus=\"true\">\n\t\t<div class=\"elementor-element elementor-element-8f4791a e-con-full e-flex e-con e-child\" data-id=\"8f4791a\" data-element_type=\"container\">\n\t\t\t\t<div class=\"elementor-element elementor-element-e7e4775 elementor-widget__width-initial elementor-widget elementor-widget-text-editor\" data-id=\"e7e4775\" data-element_type=\"widget\" data-widget_type=\"text-editor.default\">\n\t\t\t\t<div class=\"elementor-widget-container\">\n\t\t\t<style>\/*! elementor - v3.20.0 - 26-03-2024 *\/\n.elementor-widget-text-editor.elementor-drop-cap-view-stacked .elementor-drop-cap{background-color:#69727d;color:#fff}.elementor-widget-text-editor.elementor-drop-cap-view-framed .elementor-drop-cap{color:#69727d;border:3px solid;background-color:transparent}.elementor-widget-text-editor:not(.elementor-drop-cap-view-default) .elementor-drop-cap{margin-top:8px}.elementor-widget-text-editor:not(.elementor-drop-cap-view-default) .elementor-drop-cap-letter{width:1em;height:1em}.elementor-widget-text-editor .elementor-drop-cap{float:left;text-align:center;line-height:1;font-size:50px}.elementor-widget-text-editor .elementor-drop-cap-letter{display:inline-block}<\/style>\t\t\t\t<p>Uma forma de reconhecimento e est\u00edmulo \u00e0s a\u00e7\u00f5es afirmativas do controle social do Programa Nacional de Alimenta\u00e7\u00e3o Escolar (PNAE).\u00a0<\/p><p>O Pr\u00eamio CAE de Participa\u00e7\u00e3o Social foi idealizado para fortalecer a atua\u00e7\u00e3o dos Conselhos de Alimenta\u00e7\u00e3o Escolar por meio da identifica\u00e7\u00e3o e divulga\u00e7\u00e3o de a\u00e7\u00f5es afirmativas de controle social do PNAE.\u00a0<\/p><p>\u00c9 uma iniciativa do Fundo Nacional do Desenvolvimento da Educa\u00e7\u00e3o (FNDE), por meio da Coordena\u00e7\u00e3o Geral do Programa Nacional de Alimenta\u00e7\u00e3o Escolar (CGPAE) e gerenciado pela Coordena\u00e7\u00e3o de Apoio ao Controle Social (COACS).<\/p>\t\t\t\t\t\t<\/div>\n\t\t\t\t<\/div>\n\t\t\t\t<\/div>\n\t\t<div class=\"elementor-element elementor-element-f7a4fd3 e-con-full e-flex e-con e-child\" data-id=\"f7a4fd3\" data-element_type=\"container\">\n\t\t\t\t<div class=\"elementor-element elementor-element-fb8183d elementor-widget elementor-widget-image\" data-id=\"fb8183d\" data-element_type=\"widget\" data-widget_type=\"image.default\">\n\t\t\t\t<div class=\"elementor-widget-container\">\n\t\t\t<style>\/*! elementor - v3.20.0 - 26-03-2024 *\/\n.elementor-widget-image{text-align:center}.elementor-widget-image a{display:inline-block}.elementor-widget-image a img[src$=\".svg\"]{width:48px}.elementor-widget-image img{vertical-align:middle;display:inline-block}<\/style>\t\t\t\t\t\t\t\t\t\t<img fetchpriority=\"high\" decoding=\"async\" width=\"600\" height=\"540\" src=\"https:\/\/www.fnde.gov.br\/premiocae\/wp-content\/uploads\/2024\/04\/PREMIO-CAE-30-ANOS-V2.png\" class=\"attachment-large size-large wp-image-43\" alt=\"\" style=\"width:100%;height:90%;max-width:600px\" \/>\t\t\t\t\t\t\t\t\t\t\t\t\t<\/div>\n\t\t\t\t<\/div>\n\t\t\t\t<\/div>\n\t\t\t\t<\/div>\n\t\t<div class=\"elementor-element elementor-element-a7499f6 e-con-full e-flex e-con e-parent\" data-id=\"a7499f6\" data-element_type=\"container\" data-core-v316-plus=\"true\">\n\t\t\t\t<div class=\"elementor-element elementor-element-a0c385d elementor-widget elementor-widget-heading\" data-id=\"a0c385d\" data-element_type=\"widget\" data-widget_type=\"heading.default\">\n\t\t\t\t<div class=\"elementor-widget-container\">\n\t\t\t<style>\/*! elementor - v3.20.0 - 26-03-2024 *\/\n.elementor-heading-title{padding:0;margin:0;line-height:1}.elementor-widget-heading .elementor-heading-title[class*=elementor-size-]>a{color:inherit;font-size:inherit;line-height:inherit}.elementor-widget-heading .elementor-heading-title.elementor-size-small{font-size:15px}.elementor-widget-heading .elementor-heading-title.elementor-size-medium{font-size:19px}.elementor-widget-heading .elementor-heading-title.elementor-size-large{font-size:29px}.elementor-widget-heading .elementor-heading-title.elementor-size-xl{font-size:39px}.elementor-widget-heading .elementor-heading-title.elementor-size-xxl{font-size:59px}<\/style><h4 class=\"elementor-heading-title elementor-size-default\">Objetivos do Pr\u00eamio CAE de Participa\u00e7\u00e3o Social<\/h4>\t\t<\/div>\n\t\t\t\t<\/div>\n\t\t\t\t<div class=\"elementor-element elementor-element-bcf7177 elementor-widget elementor-widget-text-editor\" data-id=\"bcf7177\" data-element_type=\"widget\" data-widget_type=\"text-editor.default\">\n\t\t\t\t<div class=\"elementor-widget-container\">\n\t\t\t\t\t\t\t<ul><li>Identificar pr\u00e1ticas de participa\u00e7\u00e3o social inovadoras ou exitosas;<\/li><li>Difundir a relev\u00e2ncia do controle social nas pol\u00edticas p\u00fablicas; <\/li><li>Fortalecer a participa\u00e7\u00e3o social do PNAE nos estados e munic\u00edpios; <\/li><li>Dar visibilidade \u00e0s a\u00e7\u00f5es dos Conselhos de Alimenta\u00e7\u00e3o Escolar; <\/li><li>Estimular processos organizativos que contribuam para ampliar e qualificar a participa\u00e7\u00e3o da sociedade no acompanhamento da execu\u00e7\u00e3o do PNAE; <\/li><li>Valorizar experi\u00eancias que geram impactos positivos na gest\u00e3o e execu\u00e7\u00e3o do PNAE; <\/li><li>Reconhecer e divulgar a\u00e7\u00f5es de fortalecimento da atua\u00e7\u00e3o de Conselhos de Alimenta\u00e7\u00e3o Escolar, para que possam ser difundidas e replicada<\/li><\/ul>\t\t\t\t\t\t<\/div>\n\t\t\t\t<\/div>\n\t\t\t\t<\/div>\n\t\t<div class=\"elementor-element elementor-element-839509c e-flex e-con-boxed e-con e-parent\" data-id=\"839509c\" data-element_type=\"container\" data-core-v316-plus=\"true\">\n\t\t\t\t\t<div class=\"e-con-inner\">\n\t\t\t\t<div class=\"elementor-element elementor-element-2ae05ee elementor-widget elementor-widget-heading\" data-id=\"2ae05ee\" data-element_type=\"widget\" data-widget_type=\"heading.default\">\n\t\t\t\t<div class=\"elementor-widget-container\">\n\t\t\t<h2 class=\"elementor-heading-title elementor-size-default\">Acesso R\u00e1pido<\/h2>\t\t<\/div>\n\t\t\t\t<\/div>\n\t\t\t\t\t<\/div>\n\t\t\t\t<\/div>\n\t\t<div class=\"elementor-element elementor-element-42d364f e-flex e-con-boxed e-con e-parent\" data-id=\"42d364f\" data-element_type=\"container\" data-core-v316-plus=\"true\">\n\t\t\t\t\t<div class=\"e-con-inner\">\n\t\t<div data-ha-element-link=\"{&quot;url&quot;:&quot;https:\\\/\\\/www.fnde.gov.br\\\/premiocae\\\/?page_id=66&quot;,&quot;is_external&quot;:&quot;&quot;,&quot;nofollow&quot;:&quot;&quot;}\" style=\"cursor: pointer\" class=\"elementor-element elementor-element-b8eef7d e-con-full e-flex e-con e-child\" data-id=\"b8eef7d\" data-element_type=\"container\" data-settings=\"{&quot;background_background&quot;:&quot;classic&quot;}\">\n\t\t<div class=\"elementor-element elementor-element-88b628e e-con-full e-flex e-con e-child\" data-id=\"88b628e\" data-element_type=\"container\">\n\t\t\t\t<div class=\"elementor-element elementor-element-2ad4883 elementor-view-default elementor-widget elementor-widget-icon\" data-id=\"2ad4883\" data-element_type=\"widget\" data-widget_type=\"icon.default\">\n\t\t\t\t<div class=\"elementor-widget-container\">\n\t\t\t\t\t<div class=\"elementor-icon-wrapper\">\n\t\t\t<div class=\"elementor-icon\">\n\t\t\t<svg aria-hidden=\"true\" class=\"e-font-icon-svg e-far-building\" viewBox=\"0 0 448 512\" xmlns=\"http:\/\/www.w3.org\/2000\/svg\"><path d=\"M128 148v-40c0-6.6 5.4-12 12-12h40c6.6 0 12 5.4 12 12v40c0 6.6-5.4 12-12 12h-40c-6.6 0-12-5.4-12-12zm140 12h40c6.6 0 12-5.4 12-12v-40c0-6.6-5.4-12-12-12h-40c-6.6 0-12 5.4-12 12v40c0 6.6 5.4 12 12 12zm-128 96h40c6.6 0 12-5.4 12-12v-40c0-6.6-5.4-12-12-12h-40c-6.6 0-12 5.4-12 12v40c0 6.6 5.4 12 12 12zm128 0h40c6.6 0 12-5.4 12-12v-40c0-6.6-5.4-12-12-12h-40c-6.6 0-12 5.4-12 12v40c0 6.6 5.4 12 12 12zm-76 84v-40c0-6.6-5.4-12-12-12h-40c-6.6 0-12 5.4-12 12v40c0 6.6 5.4 12 12 12h40c6.6 0 12-5.4 12-12zm76 12h40c6.6 0 12-5.4 12-12v-40c0-6.6-5.4-12-12-12h-40c-6.6 0-12 5.4-12 12v40c0 6.6 5.4 12 12 12zm180 124v36H0v-36c0-6.6 5.4-12 12-12h19.5V24c0-13.3 10.7-24 24-24h337c13.3 0 24 10.7 24 24v440H436c6.6 0 12 5.4 12 12zM79.5 463H192v-67c0-6.6 5.4-12 12-12h40c6.6 0 12 5.4 12 12v67h112.5V49L80 48l-.5 415z\"><\/path><\/svg>\t\t\t<\/div>\n\t\t<\/div>\n\t\t\t\t<\/div>\n\t\t\t\t<\/div>\n\t\t\t\t<\/div>\n\t\t<div class=\"elementor-element elementor-element-52d9d3e e-con-full e-flex e-con e-child\" data-id=\"52d9d3e\" data-element_type=\"container\">\n\t\t\t\t<div class=\"elementor-element elementor-element-ebac012 elementor-widget elementor-widget-heading\" data-id=\"ebac012\" data-element_type=\"widget\" data-widget_type=\"heading.default\">\n\t\t\t\t<div class=\"elementor-widget-container\">\n\t\t\t<span class=\"elementor-heading-title elementor-size-default\">Institucional<\/span>\t\t<\/div>\n\t\t\t\t<\/div>\n\t\t\t\t<\/div>\n\t\t\t\t<\/div>\n\t\t<div data-ha-element-link=\"{&quot;url&quot;:&quot;https:\\\/\\\/www.fnde.gov.br\\\/premiocae\\\/?page_id=47&quot;,&quot;is_external&quot;:&quot;&quot;,&quot;nofollow&quot;:&quot;&quot;}\" style=\"cursor: pointer\" class=\"elementor-element elementor-element-3ed61b0 e-con-full e-flex e-con e-child\" data-id=\"3ed61b0\" data-element_type=\"container\" data-settings=\"{&quot;background_background&quot;:&quot;classic&quot;}\">\n\t\t<div class=\"elementor-element elementor-element-adf4a6f e-con-full e-flex e-con e-child\" data-id=\"adf4a6f\" data-element_type=\"container\">\n\t\t\t\t<div class=\"elementor-element elementor-element-c4c972a elementor-view-default elementor-widget elementor-widget-icon\" data-id=\"c4c972a\" data-element_type=\"widget\" data-widget_type=\"icon.default\">\n\t\t\t\t<div class=\"elementor-widget-container\">\n\t\t\t\t\t<div class=\"elementor-icon-wrapper\">\n\t\t\t<div class=\"elementor-icon\">\n\t\t\t<svg aria-hidden=\"true\" class=\"e-font-icon-svg e-fas-file-alt\" viewBox=\"0 0 384 512\" xmlns=\"http:\/\/www.w3.org\/2000\/svg\"><path d=\"M224 136V0H24C10.7 0 0 10.7 0 24v464c0 13.3 10.7 24 24 24h336c13.3 0 24-10.7 24-24V160H248c-13.2 0-24-10.8-24-24zm64 236c0 6.6-5.4 12-12 12H108c-6.6 0-12-5.4-12-12v-8c0-6.6 5.4-12 12-12h168c6.6 0 12 5.4 12 12v8zm0-64c0 6.6-5.4 12-12 12H108c-6.6 0-12-5.4-12-12v-8c0-6.6 5.4-12 12-12h168c6.6 0 12 5.4 12 12v8zm0-72v8c0 6.6-5.4 12-12 12H108c-6.6 0-12-5.4-12-12v-8c0-6.6 5.4-12 12-12h168c6.6 0 12 5.4 12 12zm96-114.1v6.1H256V0h6.1c6.4 0 12.5 2.5 17 7l97.9 98c4.5 4.5 7 10.6 7 16.9z\"><\/path><\/svg>\t\t\t<\/div>\n\t\t<\/div>\n\t\t\t\t<\/div>\n\t\t\t\t<\/div>\n\t\t\t\t<\/div>\n\t\t<div class=\"elementor-element elementor-element-5a5be26 e-con-full e-flex e-con e-child\" data-id=\"5a5be26\" data-element_type=\"container\">\n\t\t\t\t<div class=\"elementor-element elementor-element-91ef421 elementor-widget elementor-widget-heading\" data-id=\"91ef421\" data-element_type=\"widget\" data-widget_type=\"heading.default\">\n\t\t\t\t<div class=\"elementor-widget-container\">\n\t\t\t<span class=\"elementor-heading-title elementor-size-default\">Edital<\/span>\t\t<\/div>\n\t\t\t\t<\/div>\n\t\t\t\t<\/div>\n\t\t\t\t<\/div>\n\t\t<div data-ha-element-link=\"{&quot;url&quot;:&quot;https:\\\/\\\/www.fnde.gov.br\\\/premiocae\\\/resultado\\\/&quot;,&quot;is_external&quot;:&quot;&quot;,&quot;nofollow&quot;:&quot;&quot;}\" style=\"cursor: pointer\" class=\"elementor-element elementor-element-58632b5 e-con-full e-flex e-con e-child\" data-id=\"58632b5\" data-element_type=\"container\" data-settings=\"{&quot;background_background&quot;:&quot;classic&quot;}\">\n\t\t<div class=\"elementor-element elementor-element-4ff3c24 e-con-full e-flex e-con e-child\" data-id=\"4ff3c24\" data-element_type=\"container\">\n\t\t\t\t<div class=\"elementor-element elementor-element-8917d33 elementor-view-default elementor-widget elementor-widget-icon\" data-id=\"8917d33\" data-element_type=\"widget\" data-widget_type=\"icon.default\">\n\t\t\t\t<div class=\"elementor-widget-container\">\n\t\t\t\t\t<div class=\"elementor-icon-wrapper\">\n\t\t\t<div class=\"elementor-icon\">\n\t\t\t<svg aria-hidden=\"true\" class=\"e-font-icon-svg e-fas-check\" viewBox=\"0 0 512 512\" xmlns=\"http:\/\/www.w3.org\/2000\/svg\"><path d=\"M173.898 439.404l-166.4-166.4c-9.997-9.997-9.997-26.206 0-36.204l36.203-36.204c9.997-9.998 26.207-9.998 36.204 0L192 312.69 432.095 72.596c9.997-9.997 26.207-9.997 36.204 0l36.203 36.204c9.997 9.997 9.997 26.206 0 36.204l-294.4 294.401c-9.998 9.997-26.207 9.997-36.204-.001z\"><\/path><\/svg>\t\t\t<\/div>\n\t\t<\/div>\n\t\t\t\t<\/div>\n\t\t\t\t<\/div>\n\t\t\t\t<\/div>\n\t\t<div class=\"elementor-element elementor-element-8c87d09 e-con-full e-flex e-con e-child\" data-id=\"8c87d09\" data-element_type=\"container\">\n\t\t\t\t<div class=\"elementor-element elementor-element-52d578a elementor-widget elementor-widget-heading\" data-id=\"52d578a\" data-element_type=\"widget\" data-widget_type=\"heading.default\">\n\t\t\t\t<div class=\"elementor-widget-container\">\n\t\t\t<span class=\"elementor-heading-title elementor-size-default\">Resultado<\/span>\t\t<\/div>\n\t\t\t\t<\/div>\n\t\t\t\t<\/div>\n\t\t\t\t<\/div>\n\t\t\t\t\t<\/div>\n\t\t\t\t<\/div>\n\t\t<div class=\"elementor-element elementor-element-49e6e16 e-flex e-con-boxed e-con e-parent\" data-id=\"49e6e16\" data-element_type=\"container\" data-core-v316-plus=\"true\">\n\t\t\t\t\t<div class=\"e-con-inner\">\n\t\t<div data-ha-element-link=\"{&quot;url&quot;:&quot;https:\\\/\\\/www.fnde.gov.br\\\/premiocae\\\/?page_id=70&quot;,&quot;is_external&quot;:&quot;&quot;,&quot;nofollow&quot;:&quot;&quot;}\" style=\"cursor: pointer\" class=\"elementor-element elementor-element-51a74e6 e-con-full e-flex e-con e-child\" data-id=\"51a74e6\" data-element_type=\"container\" data-settings=\"{&quot;background_background&quot;:&quot;classic&quot;}\">\n\t\t<div class=\"elementor-element elementor-element-09195e2 e-con-full e-flex e-con e-child\" data-id=\"09195e2\" data-element_type=\"container\">\n\t\t\t\t<div class=\"elementor-element elementor-element-fd22f94 elementor-view-default elementor-widget elementor-widget-icon\" data-id=\"fd22f94\" data-element_type=\"widget\" data-widget_type=\"icon.default\">\n\t\t\t\t<div class=\"elementor-widget-container\">\n\t\t\t\t\t<div class=\"elementor-icon-wrapper\">\n\t\t\t<div class=\"elementor-icon\">\n\t\t\t<svg aria-hidden=\"true\" class=\"e-font-icon-svg e-fas-flask\" viewBox=\"0 0 448 512\" xmlns=\"http:\/\/www.w3.org\/2000\/svg\"><path d=\"M437.2 403.5L320 215V64h8c13.3 0 24-10.7 24-24V24c0-13.3-10.7-24-24-24H120c-13.3 0-24 10.7-24 24v16c0 13.3 10.7 24 24 24h8v151L10.8 403.5C-18.5 450.6 15.3 512 70.9 512h306.2c55.7 0 89.4-61.5 60.1-108.5zM137.9 320l48.2-77.6c3.7-5.2 5.8-11.6 5.8-18.4V64h64v160c0 6.9 2.2 13.2 5.8 18.4l48.2 77.6h-172z\"><\/path><\/svg>\t\t\t<\/div>\n\t\t<\/div>\n\t\t\t\t<\/div>\n\t\t\t\t<\/div>\n\t\t\t\t<\/div>\n\t\t<div class=\"elementor-element elementor-element-84b7a8e e-con-full e-flex e-con e-child\" data-id=\"84b7a8e\" data-element_type=\"container\">\n\t\t\t\t<div class=\"elementor-element elementor-element-1aa9b8c elementor-widget elementor-widget-heading\" data-id=\"1aa9b8c\" data-element_type=\"widget\" data-widget_type=\"heading.default\">\n\t\t\t\t<div class=\"elementor-widget-container\">\n\t\t\t<span class=\"elementor-heading-title elementor-size-default\">Relato de<br>Experi\u00eancia<\/span>\t\t<\/div>\n\t\t\t\t<\/div>\n\t\t\t\t<\/div>\n\t\t\t\t<\/div>\n\t\t<div data-ha-element-link=\"{&quot;url&quot;:&quot;https:\\\/\\\/www.fnde.gov.br\\\/premiocae\\\/?page_id=74&quot;,&quot;is_external&quot;:&quot;&quot;,&quot;nofollow&quot;:&quot;&quot;}\" style=\"cursor: pointer\" class=\"elementor-element elementor-element-4f6603a e-con-full e-flex e-con e-child\" data-id=\"4f6603a\" data-element_type=\"container\" data-settings=\"{&quot;background_background&quot;:&quot;classic&quot;}\">\n\t\t<div class=\"elementor-element elementor-element-314c3cc e-con-full e-flex e-con e-child\" data-id=\"314c3cc\" data-element_type=\"container\">\n\t\t\t\t<div class=\"elementor-element elementor-element-35b72a9 elementor-view-default elementor-widget elementor-widget-icon\" data-id=\"35b72a9\" data-element_type=\"widget\" data-widget_type=\"icon.default\">\n\t\t\t\t<div class=\"elementor-widget-container\">\n\t\t\t\t\t<div class=\"elementor-icon-wrapper\">\n\t\t\t<div class=\"elementor-icon\">\n\t\t\t<svg aria-hidden=\"true\" class=\"e-font-icon-svg e-fas-shield-alt\" viewBox=\"0 0 512 512\" xmlns=\"http:\/\/www.w3.org\/2000\/svg\"><path d=\"M466.5 83.7l-192-80a48.15 48.15 0 0 0-36.9 0l-192 80C27.7 91.1 16 108.6 16 128c0 198.5 114.5 335.7 221.5 380.3 11.8 4.9 25.1 4.9 36.9 0C360.1 472.6 496 349.3 496 128c0-19.4-11.7-36.9-29.5-44.3zM256.1 446.3l-.1-381 175.9 73.3c-3.3 151.4-82.1 261.1-175.8 307.7z\"><\/path><\/svg>\t\t\t<\/div>\n\t\t<\/div>\n\t\t\t\t<\/div>\n\t\t\t\t<\/div>\n\t\t\t\t<\/div>\n\t\t<div class=\"elementor-element elementor-element-bfbf7d7 e-con-full e-flex e-con e-child\" data-id=\"bfbf7d7\" data-element_type=\"container\">\n\t\t\t\t<div class=\"elementor-element elementor-element-ac2b4c4 elementor-widget elementor-widget-heading\" data-id=\"ac2b4c4\" data-element_type=\"widget\" data-widget_type=\"heading.default\">\n\t\t\t\t<div class=\"elementor-widget-container\">\n\t\t\t<span class=\"elementor-heading-title elementor-size-default\">Termo de Aprova\u00e7\u00e3o do \nRelato de Experi\u00eancia<\/span>\t\t<\/div>\n\t\t\t\t<\/div>\n\t\t\t\t<\/div>\n\t\t\t\t<\/div>\n\t\t<div data-ha-element-link=\"{&quot;url&quot;:&quot;https:\\\/\\\/www.fnde.gov.br\\\/premiocae\\\/interposicao-de-recurso-ao-resultado-preliminar\\\/&quot;,&quot;is_external&quot;:&quot;&quot;,&quot;nofollow&quot;:&quot;&quot;}\" style=\"cursor: pointer\" class=\"elementor-element elementor-element-2e86507 e-con-full e-flex e-con e-child\" data-id=\"2e86507\" data-element_type=\"container\" data-settings=\"{&quot;background_background&quot;:&quot;classic&quot;}\">\n\t\t<div class=\"elementor-element elementor-element-4ee77b9 e-con-full e-flex e-con e-child\" data-id=\"4ee77b9\" data-element_type=\"container\">\n\t\t\t\t<div class=\"elementor-element elementor-element-20bcca8 elementor-view-default elementor-widget elementor-widget-icon\" data-id=\"20bcca8\" data-element_type=\"widget\" data-widget_type=\"icon.default\">\n\t\t\t\t<div class=\"elementor-widget-container\">\n\t\t\t\t\t<div class=\"elementor-icon-wrapper\">\n\t\t\t<div class=\"elementor-icon\">\n\t\t\t<svg aria-hidden=\"true\" class=\"e-font-icon-svg e-fas-users\" viewBox=\"0 0 640 512\" xmlns=\"http:\/\/www.w3.org\/2000\/svg\"><path d=\"M96 224c35.3 0 64-28.7 64-64s-28.7-64-64-64-64 28.7-64 64 28.7 64 64 64zm448 0c35.3 0 64-28.7 64-64s-28.7-64-64-64-64 28.7-64 64 28.7 64 64 64zm32 32h-64c-17.6 0-33.5 7.1-45.1 18.6 40.3 22.1 68.9 62 75.1 109.4h66c17.7 0 32-14.3 32-32v-32c0-35.3-28.7-64-64-64zm-256 0c61.9 0 112-50.1 112-112S381.9 32 320 32 208 82.1 208 144s50.1 112 112 112zm76.8 32h-8.3c-20.8 10-43.9 16-68.5 16s-47.6-6-68.5-16h-8.3C179.6 288 128 339.6 128 403.2V432c0 26.5 21.5 48 48 48h288c26.5 0 48-21.5 48-48v-28.8c0-63.6-51.6-115.2-115.2-115.2zm-223.7-13.4C161.5 263.1 145.6 256 128 256H64c-35.3 0-64 28.7-64 64v32c0 17.7 14.3 32 32 32h65.9c6.3-47.4 34.9-87.3 75.2-109.4z\"><\/path><\/svg>\t\t\t<\/div>\n\t\t<\/div>\n\t\t\t\t<\/div>\n\t\t\t\t<\/div>\n\t\t\t\t<\/div>\n\t\t<div class=\"elementor-element elementor-element-99baa7e e-con-full e-flex e-con e-child\" data-id=\"99baa7e\" data-element_type=\"container\">\n\t\t\t\t<div class=\"elementor-element elementor-element-0a17276 elementor-widget elementor-widget-heading\" data-id=\"0a17276\" data-element_type=\"widget\" data-widget_type=\"heading.default\">\n\t\t\t\t<div class=\"elementor-widget-container\">\n\t\t\t<span class=\"elementor-heading-title elementor-size-default\">Interposi\u00e7\u00e3o<br>de Recurso<\/span>\t\t<\/div>\n\t\t\t\t<\/div>\n\t\t\t\t<\/div>\n\t\t\t\t<\/div>\n\t\t\t\t\t<\/div>\n\t\t\t\t<\/div>\n\t\t\t\t<\/div>\n\t\t","protected":false},"excerpt":{"rendered":"<p>Uma forma de reconhecimento e est\u00edmulo \u00e0s a\u00e7\u00f5es afirmativas do controle social do Programa Nacional de Alimenta\u00e7\u00e3o Escolar (PNAE).\u00a0 O Pr\u00eamio CAE de Participa\u00e7\u00e3o Social foi idealizado para fortalecer a atua\u00e7\u00e3o dos Conselhos de Alimenta\u00e7\u00e3o Escolar por meio da identifica\u00e7\u00e3o e divulga\u00e7\u00e3o de a\u00e7\u00f5es afirmativas de controle social do PNAE.\u00a0 \u00c9 uma iniciativa do Fundo&hellip; <a class=\"more-link\" href=\"https:\/\/www.fnde.gov.br\/premiocae\/institucional\/\">Continue lendo <span class=\"screen-reader-text\">Institucional<\/span><\/a><\/p>\n","protected":false},"author":1,"featured_media":0,"parent":0,"menu_order":0,"comment_status":"closed","ping_status":"closed","template":"","meta":{"footnotes":""},"_links":{"self":[{"href":"https:\/\/www.fnde.gov.br\/premiocae\/wp-json\/wp\/v2\/pages\/66"}],"collection":[{"href":"https:\/\/www.fnde.gov.br\/premiocae\/wp-json\/wp\/v2\/pages"}],"about":[{"href":"https:\/\/www.fnde.gov.br\/premiocae\/wp-json\/wp\/v2\/types\/page"}],"author":[{"embeddable":true,"href":"https:\/\/www.fnde.gov.br\/premiocae\/wp-json\/wp\/v2\/users\/1"}],"replies":[{"embeddable":true,"href":"https:\/\/www.fnde.gov.br\/premiocae\/wp-json\/wp\/v2\/comments?post=66"}],"version-history":[{"count":21,"href":"https:\/\/www.fnde.gov.br\/premiocae\/wp-json\/wp\/v2\/pages\/66\/revisions"}],"predecessor-version":[{"id":284,"href":"https:\/\/www.fnde.gov.br\/premiocae\/wp-json\/wp\/v2\/pages\/66\/revisions\/284"}],"wp:attachment":[{"href":"https:\/\/www.fnde.gov.br\/premiocae\/wp-json\/wp\/v2\/media?parent=66"}],"curies":[{"name":"wp","href":"https:\/\/api.w.org\/{rel}","templated":true}]}}