{"id":70,"date":"2024-04-03T21:32:38","date_gmt":"2024-04-04T00:32:38","guid":{"rendered":"http:\/\/dev.fnde.gov.br\/wordpress\/?page_id=70"},"modified":"2024-11-27T11:36:52","modified_gmt":"2024-11-27T14:36:52","slug":"relato-de-experiencia","status":"publish","type":"page","link":"https:\/\/www.fnde.gov.br\/premiocae\/relato-de-experiencia\/","title":{"rendered":"Relato de Experi\u00eancia"},"content":{"rendered":"\t\t<div data-elementor-type=\"wp-page\" data-elementor-id=\"70\" class=\"elementor elementor-70\">\n\t\t\t\t<div class=\"elementor-element elementor-element-6e42567 e-con-full e-flex e-con e-parent\" data-id=\"6e42567\" data-element_type=\"container\" data-core-v316-plus=\"true\">\n\t\t\t\t<div class=\"elementor-element elementor-element-0b0cb29 elementor-widget elementor-widget-text-editor\" data-id=\"0b0cb29\" data-element_type=\"widget\" data-widget_type=\"text-editor.default\">\n\t\t\t\t<div class=\"elementor-widget-container\">\n\t\t\t<style>\/*! elementor - v3.20.0 - 26-03-2024 *\/\n.elementor-widget-text-editor.elementor-drop-cap-view-stacked .elementor-drop-cap{background-color:#69727d;color:#fff}.elementor-widget-text-editor.elementor-drop-cap-view-framed .elementor-drop-cap{color:#69727d;border:3px solid;background-color:transparent}.elementor-widget-text-editor:not(.elementor-drop-cap-view-default) .elementor-drop-cap{margin-top:8px}.elementor-widget-text-editor:not(.elementor-drop-cap-view-default) .elementor-drop-cap-letter{width:1em;height:1em}.elementor-widget-text-editor .elementor-drop-cap{float:left;text-align:center;line-height:1;font-size:50px}.elementor-widget-text-editor .elementor-drop-cap-letter{display:inline-block}<\/style>\t\t\t\t<p>O Relato de Experi\u00eancia \u00e9 um texto de escrita livre, limitado a no m\u00e1ximo de 3 p\u00e1ginas e que dever\u00e1 ser enviado em formato PDF.<\/p><p>Deve ser elaborada a descri\u00e7\u00e3o da pr\u00e1tica realizada com informa\u00e7\u00f5es como: local onde a pr\u00e1tica aconteceu, motiva\u00e7\u00f5es para a cria\u00e7\u00e3o da pr\u00e1tica, pessoas envolvidas (atores sociais), tempo de dura\u00e7\u00e3o, resultados observados e todas as informa\u00e7\u00f5es que o CAE identificar como importantes para a compreens\u00e3o de outros conselheiros.<\/p>\t\t\t\t\t\t<\/div>\n\t\t\t\t<\/div>\n\t\t\t\t<\/div>\n\t\t<div class=\"elementor-element elementor-element-7099319 e-flex e-con-boxed e-con e-parent\" data-id=\"7099319\" data-element_type=\"container\" data-core-v316-plus=\"true\">\n\t\t\t\t\t<div class=\"e-con-inner\">\n\t\t\t\t<div class=\"elementor-element elementor-element-dd6bce3 elementor-widget elementor-widget-heading\" data-id=\"dd6bce3\" data-element_type=\"widget\" data-widget_type=\"heading.default\">\n\t\t\t\t<div class=\"elementor-widget-container\">\n\t\t\t<style>\/*! elementor - v3.20.0 - 26-03-2024 *\/\n.elementor-heading-title{padding:0;margin:0;line-height:1}.elementor-widget-heading .elementor-heading-title[class*=elementor-size-]>a{color:inherit;font-size:inherit;line-height:inherit}.elementor-widget-heading .elementor-heading-title.elementor-size-small{font-size:15px}.elementor-widget-heading .elementor-heading-title.elementor-size-medium{font-size:19px}.elementor-widget-heading .elementor-heading-title.elementor-size-large{font-size:29px}.elementor-widget-heading .elementor-heading-title.elementor-size-xl{font-size:39px}.elementor-widget-heading .elementor-heading-title.elementor-size-xxl{font-size:59px}<\/style><h2 class=\"elementor-heading-title elementor-size-default\">Acesso R\u00e1pido<\/h2>\t\t<\/div>\n\t\t\t\t<\/div>\n\t\t\t\t\t<\/div>\n\t\t\t\t<\/div>\n\t\t<div class=\"elementor-element elementor-element-f97f2a5 e-flex e-con-boxed e-con e-parent\" data-id=\"f97f2a5\" data-element_type=\"container\" data-core-v316-plus=\"true\">\n\t\t\t\t\t<div class=\"e-con-inner\">\n\t\t<div data-ha-element-link=\"{&quot;url&quot;:&quot;https:\\\/\\\/www.fnde.gov.br\\\/premiocae\\\/?page_id=66&quot;,&quot;is_external&quot;:&quot;&quot;,&quot;nofollow&quot;:&quot;&quot;}\" style=\"cursor: pointer\" class=\"elementor-element elementor-element-ace8fcb e-con-full e-flex e-con e-child\" data-id=\"ace8fcb\" data-element_type=\"container\" data-settings=\"{&quot;background_background&quot;:&quot;classic&quot;}\">\n\t\t<div class=\"elementor-element elementor-element-bf6803d e-con-full e-flex e-con e-child\" data-id=\"bf6803d\" data-element_type=\"container\">\n\t\t\t\t<div class=\"elementor-element elementor-element-3fcf4e5 elementor-view-default elementor-widget elementor-widget-icon\" data-id=\"3fcf4e5\" data-element_type=\"widget\" data-widget_type=\"icon.default\">\n\t\t\t\t<div class=\"elementor-widget-container\">\n\t\t\t\t\t<div class=\"elementor-icon-wrapper\">\n\t\t\t<div class=\"elementor-icon\">\n\t\t\t<svg aria-hidden=\"true\" class=\"e-font-icon-svg e-far-building\" viewBox=\"0 0 448 512\" xmlns=\"http:\/\/www.w3.org\/2000\/svg\"><path d=\"M128 148v-40c0-6.6 5.4-12 12-12h40c6.6 0 12 5.4 12 12v40c0 6.6-5.4 12-12 12h-40c-6.6 0-12-5.4-12-12zm140 12h40c6.6 0 12-5.4 12-12v-40c0-6.6-5.4-12-12-12h-40c-6.6 0-12 5.4-12 12v40c0 6.6 5.4 12 12 12zm-128 96h40c6.6 0 12-5.4 12-12v-40c0-6.6-5.4-12-12-12h-40c-6.6 0-12 5.4-12 12v40c0 6.6 5.4 12 12 12zm128 0h40c6.6 0 12-5.4 12-12v-40c0-6.6-5.4-12-12-12h-40c-6.6 0-12 5.4-12 12v40c0 6.6 5.4 12 12 12zm-76 84v-40c0-6.6-5.4-12-12-12h-40c-6.6 0-12 5.4-12 12v40c0 6.6 5.4 12 12 12h40c6.6 0 12-5.4 12-12zm76 12h40c6.6 0 12-5.4 12-12v-40c0-6.6-5.4-12-12-12h-40c-6.6 0-12 5.4-12 12v40c0 6.6 5.4 12 12 12zm180 124v36H0v-36c0-6.6 5.4-12 12-12h19.5V24c0-13.3 10.7-24 24-24h337c13.3 0 24 10.7 24 24v440H436c6.6 0 12 5.4 12 12zM79.5 463H192v-67c0-6.6 5.4-12 12-12h40c6.6 0 12 5.4 12 12v67h112.5V49L80 48l-.5 415z\"><\/path><\/svg>\t\t\t<\/div>\n\t\t<\/div>\n\t\t\t\t<\/div>\n\t\t\t\t<\/div>\n\t\t\t\t<\/div>\n\t\t<div class=\"elementor-element elementor-element-2ef1975 e-con-full e-flex e-con e-child\" data-id=\"2ef1975\" data-element_type=\"container\">\n\t\t\t\t<div class=\"elementor-element elementor-element-9c7be51 elementor-widget elementor-widget-heading\" data-id=\"9c7be51\" data-element_type=\"widget\" data-widget_type=\"heading.default\">\n\t\t\t\t<div class=\"elementor-widget-container\">\n\t\t\t<span class=\"elementor-heading-title elementor-size-default\">Institucional<\/span>\t\t<\/div>\n\t\t\t\t<\/div>\n\t\t\t\t<\/div>\n\t\t\t\t<\/div>\n\t\t<div data-ha-element-link=\"{&quot;url&quot;:&quot;https:\\\/\\\/www.fnde.gov.br\\\/premiocae\\\/?page_id=47&quot;,&quot;is_external&quot;:&quot;&quot;,&quot;nofollow&quot;:&quot;&quot;}\" style=\"cursor: pointer\" class=\"elementor-element elementor-element-f758708 e-con-full e-flex e-con e-child\" data-id=\"f758708\" data-element_type=\"container\" data-settings=\"{&quot;background_background&quot;:&quot;classic&quot;}\">\n\t\t<div class=\"elementor-element elementor-element-4ae40e4 e-con-full e-flex e-con e-child\" data-id=\"4ae40e4\" data-element_type=\"container\">\n\t\t\t\t<div class=\"elementor-element elementor-element-230f553 elementor-view-default elementor-widget elementor-widget-icon\" data-id=\"230f553\" data-element_type=\"widget\" data-widget_type=\"icon.default\">\n\t\t\t\t<div class=\"elementor-widget-container\">\n\t\t\t\t\t<div class=\"elementor-icon-wrapper\">\n\t\t\t<div class=\"elementor-icon\">\n\t\t\t<svg aria-hidden=\"true\" class=\"e-font-icon-svg e-fas-file-alt\" viewBox=\"0 0 384 512\" xmlns=\"http:\/\/www.w3.org\/2000\/svg\"><path d=\"M224 136V0H24C10.7 0 0 10.7 0 24v464c0 13.3 10.7 24 24 24h336c13.3 0 24-10.7 24-24V160H248c-13.2 0-24-10.8-24-24zm64 236c0 6.6-5.4 12-12 12H108c-6.6 0-12-5.4-12-12v-8c0-6.6 5.4-12 12-12h168c6.6 0 12 5.4 12 12v8zm0-64c0 6.6-5.4 12-12 12H108c-6.6 0-12-5.4-12-12v-8c0-6.6 5.4-12 12-12h168c6.6 0 12 5.4 12 12v8zm0-72v8c0 6.6-5.4 12-12 12H108c-6.6 0-12-5.4-12-12v-8c0-6.6 5.4-12 12-12h168c6.6 0 12 5.4 12 12zm96-114.1v6.1H256V0h6.1c6.4 0 12.5 2.5 17 7l97.9 98c4.5 4.5 7 10.6 7 16.9z\"><\/path><\/svg>\t\t\t<\/div>\n\t\t<\/div>\n\t\t\t\t<\/div>\n\t\t\t\t<\/div>\n\t\t\t\t<\/div>\n\t\t<div class=\"elementor-element elementor-element-2be67e8 e-con-full e-flex e-con e-child\" data-id=\"2be67e8\" data-element_type=\"container\">\n\t\t\t\t<div class=\"elementor-element elementor-element-fe46b5e elementor-widget elementor-widget-heading\" data-id=\"fe46b5e\" data-element_type=\"widget\" data-widget_type=\"heading.default\">\n\t\t\t\t<div class=\"elementor-widget-container\">\n\t\t\t<span class=\"elementor-heading-title elementor-size-default\">Edital<\/span>\t\t<\/div>\n\t\t\t\t<\/div>\n\t\t\t\t<\/div>\n\t\t\t\t<\/div>\n\t\t<div data-ha-element-link=\"{&quot;url&quot;:&quot;https:\\\/\\\/www.fnde.gov.br\\\/premiocae\\\/resultado\\\/&quot;,&quot;is_external&quot;:&quot;&quot;,&quot;nofollow&quot;:&quot;&quot;}\" style=\"cursor: pointer\" class=\"elementor-element elementor-element-3fe5c0a e-con-full e-flex e-con e-child\" data-id=\"3fe5c0a\" data-element_type=\"container\" data-settings=\"{&quot;background_background&quot;:&quot;classic&quot;}\">\n\t\t<div class=\"elementor-element elementor-element-1d6c58b e-con-full e-flex e-con e-child\" data-id=\"1d6c58b\" data-element_type=\"container\">\n\t\t\t\t<div class=\"elementor-element elementor-element-7f1658b elementor-view-default elementor-widget elementor-widget-icon\" data-id=\"7f1658b\" data-element_type=\"widget\" data-widget_type=\"icon.default\">\n\t\t\t\t<div class=\"elementor-widget-container\">\n\t\t\t\t\t<div class=\"elementor-icon-wrapper\">\n\t\t\t<div class=\"elementor-icon\">\n\t\t\t<svg aria-hidden=\"true\" class=\"e-font-icon-svg e-fas-check\" viewBox=\"0 0 512 512\" xmlns=\"http:\/\/www.w3.org\/2000\/svg\"><path d=\"M173.898 439.404l-166.4-166.4c-9.997-9.997-9.997-26.206 0-36.204l36.203-36.204c9.997-9.998 26.207-9.998 36.204 0L192 312.69 432.095 72.596c9.997-9.997 26.207-9.997 36.204 0l36.203 36.204c9.997 9.997 9.997 26.206 0 36.204l-294.4 294.401c-9.998 9.997-26.207 9.997-36.204-.001z\"><\/path><\/svg>\t\t\t<\/div>\n\t\t<\/div>\n\t\t\t\t<\/div>\n\t\t\t\t<\/div>\n\t\t\t\t<\/div>\n\t\t<div class=\"elementor-element elementor-element-4c18805 e-con-full e-flex e-con e-child\" data-id=\"4c18805\" data-element_type=\"container\">\n\t\t\t\t<div class=\"elementor-element elementor-element-b0ba2d0 elementor-widget elementor-widget-heading\" data-id=\"b0ba2d0\" data-element_type=\"widget\" data-widget_type=\"heading.default\">\n\t\t\t\t<div class=\"elementor-widget-container\">\n\t\t\t<span class=\"elementor-heading-title elementor-size-default\">Resultado<\/span>\t\t<\/div>\n\t\t\t\t<\/div>\n\t\t\t\t<\/div>\n\t\t\t\t<\/div>\n\t\t\t\t\t<\/div>\n\t\t\t\t<\/div>\n\t\t<div class=\"elementor-element elementor-element-7a166e7 e-flex e-con-boxed e-con e-parent\" data-id=\"7a166e7\" data-element_type=\"container\" data-core-v316-plus=\"true\">\n\t\t\t\t\t<div class=\"e-con-inner\">\n\t\t<div data-ha-element-link=\"{&quot;url&quot;:&quot;https:\\\/\\\/www.fnde.gov.br\\\/premiocae\\\/?page_id=70&quot;,&quot;is_external&quot;:&quot;&quot;,&quot;nofollow&quot;:&quot;&quot;}\" style=\"cursor: pointer\" class=\"elementor-element elementor-element-4a6482a e-con-full e-flex e-con e-child\" data-id=\"4a6482a\" data-element_type=\"container\" data-settings=\"{&quot;background_background&quot;:&quot;classic&quot;}\">\n\t\t<div class=\"elementor-element elementor-element-a64a6d2 e-con-full e-flex e-con e-child\" data-id=\"a64a6d2\" data-element_type=\"container\">\n\t\t\t\t<div class=\"elementor-element elementor-element-0c3999c elementor-view-default elementor-widget elementor-widget-icon\" data-id=\"0c3999c\" data-element_type=\"widget\" data-widget_type=\"icon.default\">\n\t\t\t\t<div class=\"elementor-widget-container\">\n\t\t\t\t\t<div class=\"elementor-icon-wrapper\">\n\t\t\t<div class=\"elementor-icon\">\n\t\t\t<svg aria-hidden=\"true\" class=\"e-font-icon-svg e-fas-flask\" viewBox=\"0 0 448 512\" xmlns=\"http:\/\/www.w3.org\/2000\/svg\"><path d=\"M437.2 403.5L320 215V64h8c13.3 0 24-10.7 24-24V24c0-13.3-10.7-24-24-24H120c-13.3 0-24 10.7-24 24v16c0 13.3 10.7 24 24 24h8v151L10.8 403.5C-18.5 450.6 15.3 512 70.9 512h306.2c55.7 0 89.4-61.5 60.1-108.5zM137.9 320l48.2-77.6c3.7-5.2 5.8-11.6 5.8-18.4V64h64v160c0 6.9 2.2 13.2 5.8 18.4l48.2 77.6h-172z\"><\/path><\/svg>\t\t\t<\/div>\n\t\t<\/div>\n\t\t\t\t<\/div>\n\t\t\t\t<\/div>\n\t\t\t\t<\/div>\n\t\t<div class=\"elementor-element elementor-element-dfb13ee e-con-full e-flex e-con e-child\" data-id=\"dfb13ee\" data-element_type=\"container\">\n\t\t\t\t<div class=\"elementor-element elementor-element-f39e404 elementor-widget elementor-widget-heading\" data-id=\"f39e404\" data-element_type=\"widget\" data-widget_type=\"heading.default\">\n\t\t\t\t<div class=\"elementor-widget-container\">\n\t\t\t<span class=\"elementor-heading-title elementor-size-default\">Relato de<br>Experi\u00eancia<\/span>\t\t<\/div>\n\t\t\t\t<\/div>\n\t\t\t\t<\/div>\n\t\t\t\t<\/div>\n\t\t<div data-ha-element-link=\"{&quot;url&quot;:&quot;https:\\\/\\\/www.fnde.gov.br\\\/premiocae\\\/?page_id=74&quot;,&quot;is_external&quot;:&quot;&quot;,&quot;nofollow&quot;:&quot;&quot;}\" style=\"cursor: pointer\" class=\"elementor-element elementor-element-a5aad11 e-con-full e-flex e-con e-child\" data-id=\"a5aad11\" data-element_type=\"container\" data-settings=\"{&quot;background_background&quot;:&quot;classic&quot;}\">\n\t\t<div class=\"elementor-element elementor-element-f0cf4f4 e-con-full e-flex e-con e-child\" data-id=\"f0cf4f4\" data-element_type=\"container\">\n\t\t\t\t<div class=\"elementor-element elementor-element-941f658 elementor-view-default elementor-widget elementor-widget-icon\" data-id=\"941f658\" data-element_type=\"widget\" data-widget_type=\"icon.default\">\n\t\t\t\t<div class=\"elementor-widget-container\">\n\t\t\t\t\t<div class=\"elementor-icon-wrapper\">\n\t\t\t<div class=\"elementor-icon\">\n\t\t\t<svg aria-hidden=\"true\" class=\"e-font-icon-svg e-fas-shield-alt\" viewBox=\"0 0 512 512\" xmlns=\"http:\/\/www.w3.org\/2000\/svg\"><path d=\"M466.5 83.7l-192-80a48.15 48.15 0 0 0-36.9 0l-192 80C27.7 91.1 16 108.6 16 128c0 198.5 114.5 335.7 221.5 380.3 11.8 4.9 25.1 4.9 36.9 0C360.1 472.6 496 349.3 496 128c0-19.4-11.7-36.9-29.5-44.3zM256.1 446.3l-.1-381 175.9 73.3c-3.3 151.4-82.1 261.1-175.8 307.7z\"><\/path><\/svg>\t\t\t<\/div>\n\t\t<\/div>\n\t\t\t\t<\/div>\n\t\t\t\t<\/div>\n\t\t\t\t<\/div>\n\t\t<div class=\"elementor-element elementor-element-0342f0c e-con-full e-flex e-con e-child\" data-id=\"0342f0c\" data-element_type=\"container\">\n\t\t\t\t<div class=\"elementor-element elementor-element-1849c11 elementor-widget elementor-widget-heading\" data-id=\"1849c11\" data-element_type=\"widget\" data-widget_type=\"heading.default\">\n\t\t\t\t<div class=\"elementor-widget-container\">\n\t\t\t<span class=\"elementor-heading-title elementor-size-default\">Termo de Aprova\u00e7\u00e3o do \nRelato de Experi\u00eancia<\/span>\t\t<\/div>\n\t\t\t\t<\/div>\n\t\t\t\t<\/div>\n\t\t\t\t<\/div>\n\t\t<div data-ha-element-link=\"{&quot;url&quot;:&quot;https:\\\/\\\/www.fnde.gov.br\\\/premiocae\\\/interposicao-de-recurso-ao-resultado-preliminar\\\/&quot;,&quot;is_external&quot;:&quot;&quot;,&quot;nofollow&quot;:&quot;&quot;}\" style=\"cursor: pointer\" class=\"elementor-element elementor-element-abea676 e-con-full e-flex e-con e-child\" data-id=\"abea676\" data-element_type=\"container\" data-settings=\"{&quot;background_background&quot;:&quot;classic&quot;}\">\n\t\t<div class=\"elementor-element elementor-element-fd70169 e-con-full e-flex e-con e-child\" data-id=\"fd70169\" data-element_type=\"container\">\n\t\t\t\t<div class=\"elementor-element elementor-element-afcb49f elementor-view-default elementor-widget elementor-widget-icon\" data-id=\"afcb49f\" data-element_type=\"widget\" data-widget_type=\"icon.default\">\n\t\t\t\t<div class=\"elementor-widget-container\">\n\t\t\t\t\t<div class=\"elementor-icon-wrapper\">\n\t\t\t<div class=\"elementor-icon\">\n\t\t\t<svg aria-hidden=\"true\" class=\"e-font-icon-svg e-fas-users\" viewBox=\"0 0 640 512\" xmlns=\"http:\/\/www.w3.org\/2000\/svg\"><path d=\"M96 224c35.3 0 64-28.7 64-64s-28.7-64-64-64-64 28.7-64 64 28.7 64 64 64zm448 0c35.3 0 64-28.7 64-64s-28.7-64-64-64-64 28.7-64 64 28.7 64 64 64zm32 32h-64c-17.6 0-33.5 7.1-45.1 18.6 40.3 22.1 68.9 62 75.1 109.4h66c17.7 0 32-14.3 32-32v-32c0-35.3-28.7-64-64-64zm-256 0c61.9 0 112-50.1 112-112S381.9 32 320 32 208 82.1 208 144s50.1 112 112 112zm76.8 32h-8.3c-20.8 10-43.9 16-68.5 16s-47.6-6-68.5-16h-8.3C179.6 288 128 339.6 128 403.2V432c0 26.5 21.5 48 48 48h288c26.5 0 48-21.5 48-48v-28.8c0-63.6-51.6-115.2-115.2-115.2zm-223.7-13.4C161.5 263.1 145.6 256 128 256H64c-35.3 0-64 28.7-64 64v32c0 17.7 14.3 32 32 32h65.9c6.3-47.4 34.9-87.3 75.2-109.4z\"><\/path><\/svg>\t\t\t<\/div>\n\t\t<\/div>\n\t\t\t\t<\/div>\n\t\t\t\t<\/div>\n\t\t\t\t<\/div>\n\t\t<div class=\"elementor-element elementor-element-da4d231 e-con-full e-flex e-con e-child\" data-id=\"da4d231\" data-element_type=\"container\">\n\t\t\t\t<div class=\"elementor-element elementor-element-ab50f7b elementor-widget elementor-widget-heading\" data-id=\"ab50f7b\" data-element_type=\"widget\" data-widget_type=\"heading.default\">\n\t\t\t\t<div class=\"elementor-widget-container\">\n\t\t\t<span class=\"elementor-heading-title elementor-size-default\">Interposi\u00e7\u00e3o<br>de Recurso<\/span>\t\t<\/div>\n\t\t\t\t<\/div>\n\t\t\t\t<\/div>\n\t\t\t\t<\/div>\n\t\t\t\t\t<\/div>\n\t\t\t\t<\/div>\n\t\t\t\t<\/div>\n\t\t","protected":false},"excerpt":{"rendered":"<p>O Relato de Experi\u00eancia \u00e9 um texto de escrita livre, limitado a no m\u00e1ximo de 3 p\u00e1ginas e que dever\u00e1 ser enviado em formato PDF. Deve ser elaborada a descri\u00e7\u00e3o da pr\u00e1tica realizada com informa\u00e7\u00f5es como: local onde a pr\u00e1tica aconteceu, motiva\u00e7\u00f5es para a cria\u00e7\u00e3o da pr\u00e1tica, pessoas envolvidas (atores sociais), tempo de dura\u00e7\u00e3o, resultados&hellip; <a class=\"more-link\" href=\"https:\/\/www.fnde.gov.br\/premiocae\/relato-de-experiencia\/\">Continue lendo <span class=\"screen-reader-text\">Relato de Experi\u00eancia<\/span><\/a><\/p>\n","protected":false},"author":1,"featured_media":0,"parent":0,"menu_order":0,"comment_status":"closed","ping_status":"closed","template":"","meta":{"footnotes":""},"_links":{"self":[{"href":"https:\/\/www.fnde.gov.br\/premiocae\/wp-json\/wp\/v2\/pages\/70"}],"collection":[{"href":"https:\/\/www.fnde.gov.br\/premiocae\/wp-json\/wp\/v2\/pages"}],"about":[{"href":"https:\/\/www.fnde.gov.br\/premiocae\/wp-json\/wp\/v2\/types\/page"}],"author":[{"embeddable":true,"href":"https:\/\/www.fnde.gov.br\/premiocae\/wp-json\/wp\/v2\/users\/1"}],"replies":[{"embeddable":true,"href":"https:\/\/www.fnde.gov.br\/premiocae\/wp-json\/wp\/v2\/comments?post=70"}],"version-history":[{"count":21,"href":"https:\/\/www.fnde.gov.br\/premiocae\/wp-json\/wp\/v2\/pages\/70\/revisions"}],"predecessor-version":[{"id":290,"href":"https:\/\/www.fnde.gov.br\/premiocae\/wp-json\/wp\/v2\/pages\/70\/revisions\/290"}],"wp:attachment":[{"href":"https:\/\/www.fnde.gov.br\/premiocae\/wp-json\/wp\/v2\/media?parent=70"}],"curies":[{"name":"wp","href":"https:\/\/api.w.org\/{rel}","templated":true}]}}